{"id":946,"date":"2022-01-20T20:08:27","date_gmt":"2022-01-20T20:08:27","guid":{"rendered":"http:\/\/JanikaPickartz.com\/?page_id=946"},"modified":"2022-04-05T15:18:14","modified_gmt":"2022-04-05T15:18:14","slug":"maxi-lebt-jetzt-in-amerika-weckt-begeisterung-ein-neues-heimatland-zu-entdecken-und-hilft-mit-heimweh-umzugehen","status":"publish","type":"page","link":"https:\/\/JanikaPickartz.com\/?page_id=946","title":{"rendered":"&#8222;Maxi lebt jetzt in Amerika&#8220; weckt die Begeisterung, ein neues Heimatland zu entdecken."},"content":{"rendered":"<p>Die zweite Geschichte von <strong>Maxi<\/strong> unterst\u00fctzt Eltern und Kinder dabei, die ersten Monate im neuen Heimatland bewusst zu erleben. Alles ist neu und aufregend und spannend &#8230; aber eben nicht immer. Manchmal vermissen Kinder ganz pl\u00f6tzlich einen bestimmten Ort, eine liebe Freundin oder die Oma zum Vorlesen. Mit &#8222;Maxi lebt jetzt in Amerika&#8220; f\u00e4llt es leichter, die Gef\u00fchle, die Kinder oftmals nicht in Worte fassen k\u00f6nnen, zu besprechen &#8211; egal wohin der Umzug auch ging.<\/p>\n<p>Maxi beschreibt ihren kleinen Lesern begeistert, welch tolle Erfahrungen sie in Amerika bisher machen durfte. Gleichzeitig erlebt Maxi Situtionen, die sie traurig oder w\u00fctend machen. Am Ende erkennt Maxi, dass sie sich mittlerweile in Amerika zuhause f\u00fchlt. Und das ist ein gutes Gef\u00fchl.<\/p>\n<p><\/p>\n\n\n<h2 class=\"wp-block-heading\">\u00dcber das Buch<\/h2>\n\n\n\n<p>Maxi ist mit Mama, Papa und ihrem kleinen Bruder Anton von Deutschland nach Amerika gezogen.<\/p>\n\n\n\n<p>Von den bunten Spielpl\u00e4tzen und riesigen Parks, den Ausfl\u00fcgen ans Meer und ihrem neuen Kindergarten ist Maxi ganz begeistert \u2013 zumindest meistens. Manchmal f\u00fchlt sie einen Stein im Bauch, der sie traurig oder auch mal w\u00fctend macht.<\/p>\n\n\n\n<p>Ein Brief an ihre alte Kindergartengruppe hilft Maxi zu erkennen, wie viel Sch\u00f6nes der Umzug mit sich bringt. Und dann kommt der Tag, an dem sie von Amerika als ihrem neuen Zuhause spricht.<\/p>\n\n\n\n<p><\/p>\n\n\n\n<p>Empfohlen f\u00fcr Kinder ab vier Jahren.<\/p>\n\n\n\n<div class=\"wp-block-columns is-layout-flex wp-container-core-columns-is-layout-9d6595d7 wp-block-columns-is-layout-flex\">\n<div class=\"wp-block-column is-layout-flow wp-block-column-is-layout-flow\">\n<figure class=\"wp-block-image size-full\"><a href=\"https:\/\/www.bod.de\/buchshop\/maxi-lebt-jetzt-in-amerika-janika-pickartz-9783755770428\" target=\"_blank\" rel=\"noopener\"><img loading=\"lazy\" decoding=\"async\" width=\"500\" height=\"654\" src=\"https:\/\/JanikaPickartz.com\/wp-content\/uploads\/2022\/01\/CoverT2_Maxi2.jpg\" alt=\"\" class=\"wp-image-911\" srcset=\"https:\/\/JanikaPickartz.com\/wp-content\/uploads\/2022\/01\/CoverT2_Maxi2.jpg 500w, https:\/\/JanikaPickartz.com\/wp-content\/uploads\/2022\/01\/CoverT2_Maxi2-229x300.jpg 229w, https:\/\/JanikaPickartz.com\/wp-content\/uploads\/2022\/01\/CoverT2_Maxi2-459x600.jpg 459w\" sizes=\"auto, (max-width: 500px) 100vw, 500px\" \/><\/a><\/figure>\n<\/div>\n\n\n\n<div class=\"wp-block-column is-layout-flow wp-block-column-is-layout-flow\">\n<p><strong>\u201eMaxi lebt jetzt in Amerika\u201c<\/strong> ist im Januar 2022 bei Books on Demand erschienen.  <\/p>\n\n\n\n<p>Im <a rel=\"noreferrer noopener\" href=\"https:\/\/www.bod.de\/buchshop\/maxi-lebt-jetzt-in-amerika-janika-pickartz-9783837010688\" target=\"_blank\">Books on Demand Buchshop<\/a> kannst du das Buch als Paperback bestellen oder auch hier:<\/p>\n\n\n\n<div class=\"wp-block-columns is-layout-flex wp-container-core-columns-is-layout-9d6595d7 wp-block-columns-is-layout-flex\">\n<div class=\"wp-block-column is-layout-flow wp-block-column-is-layout-flow\">\n<figure class=\"wp-block-image size-full\"><a href=\"https:\/\/www.amazon.de\/gp\/product\/3837010686\" target=\"_blank\" rel=\"noopener\"><img loading=\"lazy\" decoding=\"async\" width=\"135\" height=\"57\" src=\"https:\/\/JanikaPickartz.com\/wp-content\/uploads\/2022\/01\/Amazon-logo-Kopie.jpg\" alt=\"\" class=\"wp-image-934\"\/><\/a><\/figure>\n<\/div>\n\n\n\n<div class=\"wp-block-column is-layout-flow wp-block-column-is-layout-flow\">\n<figure class=\"wp-block-image size-full\"><a href=\"https:\/\/www.thalia.de\/shop\/home\/artikeldetails\/A1063263462\" target=\"_blank\" rel=\"noopener\"><img loading=\"lazy\" decoding=\"async\" width=\"770\" height=\"236\" src=\"https:\/\/JanikaPickartz.com\/wp-content\/uploads\/2022\/01\/100-Jahre-Thalia_Logo.jpg\" alt=\"\" class=\"wp-image-936\" srcset=\"https:\/\/JanikaPickartz.com\/wp-content\/uploads\/2022\/01\/100-Jahre-Thalia_Logo.jpg 770w, https:\/\/JanikaPickartz.com\/wp-content\/uploads\/2022\/01\/100-Jahre-Thalia_Logo-300x92.jpg 300w, https:\/\/JanikaPickartz.com\/wp-content\/uploads\/2022\/01\/100-Jahre-Thalia_Logo-768x235.jpg 768w, https:\/\/JanikaPickartz.com\/wp-content\/uploads\/2022\/01\/100-Jahre-Thalia_Logo-600x184.jpg 600w\" sizes=\"auto, (max-width: 770px) 100vw, 770px\" \/><\/a><\/figure>\n<\/div>\n\n\n\n<div class=\"wp-block-column is-layout-flow wp-block-column-is-layout-flow\">\n<figure class=\"wp-block-image size-full\"><a href=\"https:\/\/www.hugendubel.de\/de\/taschenbuch\/janika_pickartz-maxi_lebt_jetzt_in_amerika-42229243-produkt-details.html\" target=\"_blank\" rel=\"noopener\"><img loading=\"lazy\" decoding=\"async\" width=\"245\" height=\"57\" src=\"https:\/\/JanikaPickartz.com\/wp-content\/uploads\/2022\/01\/Hugendubel_Logo_2c_HKS14K_RGBweb.jpg\" alt=\"\" class=\"wp-image-935\"\/><\/a><\/figure>\n<\/div>\n<\/div>\n\n\n\n<figure class=\"wp-block-image size-large is-resized\"><a href=\"https:\/\/shop.autorenwelt.de\/products\/maxi-lebt-jetzt-in-amerika-von-janika-pickartz-1?variant=39837219029085\" target=\"_blank\" rel=\"noopener\"><img loading=\"lazy\" decoding=\"async\" src=\"https:\/\/JanikaPickartz.com\/wp-content\/uploads\/2022\/03\/AutorenweltShop-Logo-rgb-1-1024x274.png\" alt=\"\" class=\"wp-image-1131\" width=\"129\" height=\"34\" srcset=\"https:\/\/JanikaPickartz.com\/wp-content\/uploads\/2022\/03\/AutorenweltShop-Logo-rgb-1-1024x274.png 1024w, https:\/\/JanikaPickartz.com\/wp-content\/uploads\/2022\/03\/AutorenweltShop-Logo-rgb-1-300x80.png 300w, https:\/\/JanikaPickartz.com\/wp-content\/uploads\/2022\/03\/AutorenweltShop-Logo-rgb-1-768x206.png 768w, https:\/\/JanikaPickartz.com\/wp-content\/uploads\/2022\/03\/AutorenweltShop-Logo-rgb-1-600x161.png 600w, https:\/\/JanikaPickartz.com\/wp-content\/uploads\/2022\/03\/AutorenweltShop-Logo-rgb-1-1536x411.png 1536w, https:\/\/JanikaPickartz.com\/wp-content\/uploads\/2022\/03\/AutorenweltShop-Logo-rgb-1-2048x548.png 2048w\" sizes=\"auto, (max-width: 129px) 100vw, 129px\" \/><\/a><\/figure>\n\n\n\n<p>Alternativ im station\u00e4ren Buchhandel:  <\/p>\n\n\n\n<p>ISBN 978-3-8370-1068-8<\/p>\n\n\n\n<div class=\"wp-block-buttons is-layout-flex wp-block-buttons-is-layout-flex\"><\/div>\n\n\n\n<div class=\"wp-block-buttons is-layout-flex wp-block-buttons-is-layout-flex\">\n<div class=\"wp-block-button\"><a class=\"wp-block-button__link\" href=\"https:\/\/www.bod.de\/booksample?json=http%3A%2F%2Fwww.bod.de%2Fgetjson.php%3Fobjk_id%3D3667305%26hash%3D4c2579e3425f74d6be7b015e837f3b44\">Zur Leseprobe<\/a><\/div>\n<\/div>\n\n\n\n<p><\/p>\n<\/div>\n<\/div>\n\n\n\n<h3 class=\"wp-block-heading\">Rezension<\/h3>\n\n\n\n<p>&#8222;Sich im Ausland zu Hause f\u00fchlen, braucht seine Zeit und auch bei j\u00fcngeren Kindern ist das keine lineare Entwicklung, sondern ein Prozess mit H\u00f6hen und Tiefen. Das neue Kinderbuch \u201cMaxi lebt jetzt in Amerika\u201d erz\u00e4hlt davon und bietet wunderbare Gespr\u00e4chseinstiege f\u00fcr Familien im Ausland \u2013 unabh\u00e4ngig von der Destination. Kinder werden sich in Maxis Erleben wiederfinden und Parallelen zu ihren eigenen Erfahrungen entdecken.&#8220; <a rel=\"noreferrer noopener\" href=\"https:\/\/www.expatmamas.de\/frisch-gelesen-maxi-lebt-jetzt-in-amerika\/\" target=\"_blank\">expatmamas.de<\/a><\/p>\n\n\n\n<div class=\"wp-block-columns is-layout-flex wp-container-core-columns-is-layout-9d6595d7 wp-block-columns-is-layout-flex\">\n<div class=\"wp-block-column is-layout-flow wp-block-column-is-layout-flow\">\n<h2 class=\"wp-block-heading\">Zum Hintergrund von &#8222;Maxi lebt jetzt in Amerika&#8220;:<\/h2>\n\n\n\n<p>R\u00fcckblickend haben sich unsere beiden Kinder innerhalb weniger Wochen an die neue Umgebung, den neuen Kindergarten und die neuen Alltagsroutinen gew\u00f6hnt. Ich war nach unserer Ankunft in den USA sehr erleichtert, wie gut unsere beiden Herzensmenschen alles mitmachen. Die gr\u00f6\u00dfte H\u00fcrde war tats\u00e4chlich die fremde Sprache. Unsere Tochter ist eher sch\u00fcchtern und hat in den ersten Wochen im Kindergarten quasi gar nicht gesprochen. Das hat mich als Mutter scheinbar mehr belastet als meine Tochter. Sie wollte von Anfang an jeden Tag in den Kindergarten gehen. <\/p>\n\n\n\n<p>Trotz der vornehmlich guten Stimmung merkte ich, wie unsere Tochter aufbl\u00fchte, sobald sie am Telefon ihren Gro\u00dfeltern oder ihrer Freundin von ihren Erfahrungen berichten konnte. &#8222;Maxi lebt jetzt in Amerika&#8220; soll euch daher helfen, mit euren Kindern besser \u00fcber ihre Gef\u00fchle zu sprechen. <\/p>\n\n\n\n<p><strong>Auch die zweite Geschichte von Maxi unterst\u00fctzt Eltern ihre Kinder bei einem Umzug ins Ausland zu begleiten und ihnen bei der gro\u00dfen Ver\u00e4nderung Sicherheit zu geben &#8211; diesmal beim Ankommen und Einleben im neuen Heimatland, ihrem neuen Zuhause.<\/strong><\/p>\n\n\n\n<hr class=\"wp-block-separator\"\/>\n<\/div>\n<\/div>\n\n\n\n<div class=\"wp-block-columns is-layout-flex wp-container-core-columns-is-layout-9d6595d7 wp-block-columns-is-layout-flex\">\n<div class=\"wp-block-column is-layout-flow wp-block-column-is-layout-flow\">\n<h3 class=\"wp-block-heading\">Teil 1: &#8222;Maxi zieht nach Amerika&#8220;<\/h3>\n\n\n\n<figure class=\"wp-block-image size-large is-resized\"><a href=\"https:\/\/JanikaPickartz.com\/?page_id=18\"><img loading=\"lazy\" decoding=\"async\" src=\"https:\/\/JanikaPickartz.com\/wp-content\/uploads\/2021\/01\/Cover_MaxiZiehtNachAmerika_JPickartz-scaled-1-784x1024.jpg\" alt=\"\" class=\"wp-image-344\" width=\"212\" height=\"276\" srcset=\"https:\/\/JanikaPickartz.com\/wp-content\/uploads\/2021\/01\/Cover_MaxiZiehtNachAmerika_JPickartz-scaled-1-784x1024.jpg 784w, https:\/\/JanikaPickartz.com\/wp-content\/uploads\/2021\/01\/Cover_MaxiZiehtNachAmerika_JPickartz-scaled-1-230x300.jpg 230w, https:\/\/JanikaPickartz.com\/wp-content\/uploads\/2021\/01\/Cover_MaxiZiehtNachAmerika_JPickartz-scaled-1-768x1004.jpg 768w, https:\/\/JanikaPickartz.com\/wp-content\/uploads\/2021\/01\/Cover_MaxiZiehtNachAmerika_JPickartz-scaled-1-1175x1536.jpg 1175w, https:\/\/JanikaPickartz.com\/wp-content\/uploads\/2021\/01\/Cover_MaxiZiehtNachAmerika_JPickartz-scaled-1-1567x2048.jpg 1567w, https:\/\/JanikaPickartz.com\/wp-content\/uploads\/2021\/01\/Cover_MaxiZiehtNachAmerika_JPickartz-scaled-1-1568x2049.jpg 1568w, https:\/\/JanikaPickartz.com\/wp-content\/uploads\/2021\/01\/Cover_MaxiZiehtNachAmerika_JPickartz-scaled-1.jpg 1959w\" sizes=\"auto, (max-width: 212px) 100vw, 212px\" \/><\/a><\/figure>\n\n\n\n<div class=\"wp-block-buttons is-layout-flex wp-block-buttons-is-layout-flex\">\n<div class=\"wp-block-button is-style-fill\"><a class=\"wp-block-button__link\" href=\"https:\/\/JanikaPickartz.com\/?page_id=18\">Mehr erfahren<\/a><\/div>\n<\/div>\n<\/div>\n\n\n\n<div class=\"wp-block-column is-layout-flow wp-block-column-is-layout-flow\">\n<h3 class=\"wp-block-heading\">Wer steckt hinter dem Buch?<\/h3>\n\n\n\n<figure class=\"wp-block-image size-full is-resized\"><a href=\"https:\/\/janikapickartz.com\/?post_type=team\"><img loading=\"lazy\" decoding=\"async\" src=\"https:\/\/JanikaPickartz.com\/wp-content\/uploads\/2021\/10\/Janika_360x385.jpg\" alt=\"\" class=\"wp-image-712\" width=\"257\" height=\"274\" srcset=\"https:\/\/JanikaPickartz.com\/wp-content\/uploads\/2021\/10\/Janika_360x385.jpg 360w, https:\/\/JanikaPickartz.com\/wp-content\/uploads\/2021\/10\/Janika_360x385-281x300.jpg 281w\" sizes=\"auto, (max-width: 257px) 100vw, 257px\" \/><\/a><\/figure>\n\n\n\n<div class=\"wp-block-buttons is-layout-flex wp-block-buttons-is-layout-flex\">\n<div class=\"wp-block-button\"><a class=\"wp-block-button__link\" href=\"https:\/\/janikapickartz.com\/?post_type=team\">\u00dcber die Autorin<\/a><\/div>\n<\/div>\n<\/div>\n\n\n\n<div class=\"wp-block-column is-layout-flow wp-block-column-is-layout-flow\">\n<h3 class=\"wp-block-heading\">Kindgerecht umziehen in ein fremdes Land<\/h3>\n\n\n\n<figure class=\"wp-block-image size-full is-resized\"><a href=\"https:\/\/janikapickartz.com\/?cat=5\"><img loading=\"lazy\" decoding=\"async\" src=\"https:\/\/JanikaPickartz.com\/wp-content\/uploads\/2021\/02\/Maxi_Buchalleine-2.jpg\" alt=\"\" class=\"wp-image-557\" width=\"232\" height=\"276\" srcset=\"https:\/\/JanikaPickartz.com\/wp-content\/uploads\/2021\/02\/Maxi_Buchalleine-2.jpg 670w, https:\/\/JanikaPickartz.com\/wp-content\/uploads\/2021\/02\/Maxi_Buchalleine-2-252x300.jpg 252w\" sizes=\"auto, (max-width: 232px) 100vw, 232px\" \/><\/a><\/figure>\n\n\n\n<div class=\"wp-block-buttons is-layout-flex wp-block-buttons-is-layout-flex\">\n<div class=\"wp-block-button\"><a class=\"wp-block-button__link\" href=\"https:\/\/janikapickartz.com\/?cat=5\">Hilfreiche Tipps<\/a><\/div>\n<\/div>\n<\/div>\n<\/div>\n","protected":false},"excerpt":{"rendered":"<p>Die zweite Geschichte von Maxi unterst\u00fctzt Eltern und Kinder dabei, die ersten Monate im neuen Heimatland bewusst zu erleben. Alles ist neu und aufregend und spannend &#8230; aber eben nicht immer. Manchmal vermissen Kinder ganz pl\u00f6tzlich einen bestimmten Ort, eine liebe Freundin oder die Oma zum Vorlesen. Mit &#8222;Maxi lebt jetzt in Amerika&#8220; f\u00e4llt es [&hellip;]<\/p>\n","protected":false},"author":1,"featured_media":907,"parent":0,"menu_order":0,"comment_status":"closed","ping_status":"closed","template":"","meta":{"_monsterinsights_skip_tracking":false,"_monsterinsights_sitenote_active":false,"_monsterinsights_sitenote_note":"","_monsterinsights_sitenote_category":0,"footnotes":""},"class_list":["post-946","page","type-page","status-publish","has-post-thumbnail","hentry","latest_post"],"jetpack_sharing_enabled":true,"_links":{"self":[{"href":"https:\/\/JanikaPickartz.com\/index.php?rest_route=\/wp\/v2\/pages\/946","targetHints":{"allow":["GET"]}}],"collection":[{"href":"https:\/\/JanikaPickartz.com\/index.php?rest_route=\/wp\/v2\/pages"}],"about":[{"href":"https:\/\/JanikaPickartz.com\/index.php?rest_route=\/wp\/v2\/types\/page"}],"author":[{"embeddable":true,"href":"https:\/\/JanikaPickartz.com\/index.php?rest_route=\/wp\/v2\/users\/1"}],"replies":[{"embeddable":true,"href":"https:\/\/JanikaPickartz.com\/index.php?rest_route=%2Fwp%2Fv2%2Fcomments&post=946"}],"version-history":[{"count":29,"href":"https:\/\/JanikaPickartz.com\/index.php?rest_route=\/wp\/v2\/pages\/946\/revisions"}],"predecessor-version":[{"id":1211,"href":"https:\/\/JanikaPickartz.com\/index.php?rest_route=\/wp\/v2\/pages\/946\/revisions\/1211"}],"wp:featuredmedia":[{"embeddable":true,"href":"https:\/\/JanikaPickartz.com\/index.php?rest_route=\/wp\/v2\/media\/907"}],"wp:attachment":[{"href":"https:\/\/JanikaPickartz.com\/index.php?rest_route=%2Fwp%2Fv2%2Fmedia&parent=946"}],"curies":[{"name":"wp","href":"https:\/\/api.w.org\/{rel}","templated":true}]}}