{"id":679,"date":"2021-10-25T13:46:00","date_gmt":"2021-10-25T13:46:00","guid":{"rendered":"http:\/\/JanikaPickartz.com\/?page_id=679"},"modified":"2022-01-25T15:55:32","modified_gmt":"2022-01-25T15:55:32","slug":"willkommen","status":"publish","type":"page","link":"https:\/\/JanikaPickartz.com\/?page_id=679","title":{"rendered":"Willkommen!"},"content":{"rendered":"\n<div class=\"wp-block-columns is-layout-flex wp-container-core-columns-is-layout-9d6595d7 wp-block-columns-is-layout-flex\">\n<div class=\"wp-block-column is-layout-flow wp-block-column-is-layout-flow\" style=\"flex-basis:33.33%\">\n<figure class=\"wp-block-image size-full is-resized\"><img loading=\"lazy\" decoding=\"async\" src=\"https:\/\/JanikaPickartz.com\/wp-content\/uploads\/2021\/10\/Maxi-zieht-nach-Amerika-von-Janika-Pickartz.jpg\" alt=\"\" class=\"wp-image-736\" width=\"208\" height=\"293\" srcset=\"https:\/\/JanikaPickartz.com\/wp-content\/uploads\/2021\/10\/Maxi-zieht-nach-Amerika-von-Janika-Pickartz.jpg 520w, https:\/\/JanikaPickartz.com\/wp-content\/uploads\/2021\/10\/Maxi-zieht-nach-Amerika-von-Janika-Pickartz-212x300.jpg 212w, https:\/\/JanikaPickartz.com\/wp-content\/uploads\/2021\/10\/Maxi-zieht-nach-Amerika-von-Janika-Pickartz-424x600.jpg 424w\" sizes=\"auto, (max-width: 208px) 100vw, 208px\" \/><\/figure>\n<\/div>\n\n\n\n<div class=\"wp-block-column is-layout-flow wp-block-column-is-layout-flow\" style=\"flex-basis:66.66%\">\n<p>Du bist auf der Suche nach einem Kinderbuch zum Thema &#8222;Umziehen mit Kindern ins Ausland&#8220;? Du suchst Informationen, wie du dein Kind auf den Umzug vorbereiten kannst? Du m\u00f6chtest Tipps, wie du dein Kind bestm\u00f6glich begleitest, damit deine Familie einen guten Start im neuen Heimatland hat?  <\/p>\n\n\n\n<p>Dann freue ich mich, dir ein wenig helfen zu k\u00f6nnen. Mitte 2019 sind mein Mann und ich mit unseren zwei kleinen Herzensmenschen von Deutschland in die USA gezogen. So einfach sich dies anh\u00f6rt, war es (nat\u00fcrlich) nicht. Viele Bedenken, Fragen und \u00c4ngste begleiteten diese Entscheidung. Die meisten Gedanken machte ich mir um unsere Kinder. Wie w\u00fcrden sie mit dieser gro\u00dfen Ver\u00e4nderung umgehen?  <\/p>\n\n\n\n<p>Stundenlange Recherche, tolle Menschen und etwas Mut f\u00fchrten zu meinem Kinderbuch &#8222;Maxi zieht nach Amerika&#8220;. Das Buch half meinen Kindern bzw. unserer Familie sehr, diesen gro\u00dfen Schritt in ein neues Leben gemeinsam zu meistern.<\/p>\n<\/div>\n<\/div>\n\n\n\n<p>Ich hoffe, dass &#8222;Maxi zieht nach Amerika&#8220; f\u00fcr euch ein genauso wertvoller Begleiter sein wird, wie f\u00fcr uns. Und dass meine Tipps und Erfahrungen, die ich auf dieser Seite zusammengestellt habe, euch helfen, euer gro\u00dfes Abenteuer noch sch\u00f6ner zu gestalten.  <\/p>\n\n\n\n<p>Viel Spa\u00df beim Lesen, St\u00f6bern und vor allem Welt entdecken, <\/p>\n\n\n\n<p>Janika<\/p>\n\n\n\n<p>P.S.: <strong>NEU <\/strong>im Handel erh\u00e4ltlich ist <strong>&#8222;Maxi lebt jetzt in Amerika&#8220;<\/strong>. <\/p>\n\n\n\n<p>Nach dem Umzug in die USA hie\u00df es f\u00fcr uns das neue Heimatland zu entdecken, aber auch einen neuen Alltag zu gestalten. Wie uns bzw. Maxi das gelungen ist, erfahrt ihr in meinem zweiten Kinderbuch.<\/p>\n\n\n\n<hr class=\"wp-block-separator has-text-color has-background has-pale-cyan-blue-background-color has-pale-cyan-blue-color is-style-wide\"\/>\n","protected":false},"excerpt":{"rendered":"<p>Du bist auf der Suche nach einem Kinderbuch zum Thema &#8222;Umziehen mit Kindern ins Ausland&#8220;? Du suchst Informationen, wie du dein Kind auf den Umzug vorbereiten kannst? Du m\u00f6chtest Tipps, wie du dein Kind bestm\u00f6glich begleitest, damit deine Familie einen guten Start im neuen Heimatland hat? Dann freue ich mich, dir ein wenig helfen zu [&hellip;]<\/p>\n","protected":false},"author":1,"featured_media":836,"parent":0,"menu_order":0,"comment_status":"closed","ping_status":"closed","template":"templates\/template-services.php","meta":{"_monsterinsights_skip_tracking":false,"_monsterinsights_sitenote_active":false,"_monsterinsights_sitenote_note":"","_monsterinsights_sitenote_category":0,"footnotes":""},"class_list":["post-679","page","type-page","status-publish","has-post-thumbnail","hentry","latest_post"],"jetpack_sharing_enabled":true,"_links":{"self":[{"href":"https:\/\/JanikaPickartz.com\/index.php?rest_route=\/wp\/v2\/pages\/679","targetHints":{"allow":["GET"]}}],"collection":[{"href":"https:\/\/JanikaPickartz.com\/index.php?rest_route=\/wp\/v2\/pages"}],"about":[{"href":"https:\/\/JanikaPickartz.com\/index.php?rest_route=\/wp\/v2\/types\/page"}],"author":[{"embeddable":true,"href":"https:\/\/JanikaPickartz.com\/index.php?rest_route=\/wp\/v2\/users\/1"}],"replies":[{"embeddable":true,"href":"https:\/\/JanikaPickartz.com\/index.php?rest_route=%2Fwp%2Fv2%2Fcomments&post=679"}],"version-history":[{"count":14,"href":"https:\/\/JanikaPickartz.com\/index.php?rest_route=\/wp\/v2\/pages\/679\/revisions"}],"predecessor-version":[{"id":1071,"href":"https:\/\/JanikaPickartz.com\/index.php?rest_route=\/wp\/v2\/pages\/679\/revisions\/1071"}],"wp:featuredmedia":[{"embeddable":true,"href":"https:\/\/JanikaPickartz.com\/index.php?rest_route=\/wp\/v2\/media\/836"}],"wp:attachment":[{"href":"https:\/\/JanikaPickartz.com\/index.php?rest_route=%2Fwp%2Fv2%2Fmedia&parent=679"}],"curies":[{"name":"wp","href":"https:\/\/api.w.org\/{rel}","templated":true}]}}