{"id":18,"date":"2017-04-17T09:15:57","date_gmt":"2017-04-17T09:15:57","guid":{"rendered":"http:\/\/raratheme.com\/preview\/preschool-and-kindergarten-pro\/?page_id=18"},"modified":"2022-04-05T15:01:59","modified_gmt":"2022-04-05T15:01:59","slug":"learning-is-fun-at-kinder-school","status":"publish","type":"page","link":"https:\/\/JanikaPickartz.com\/?page_id=18","title":{"rendered":"&#8222;Maxi zieht nach Amerika&#8220; begleitet Kinder bei ihrem Umzug ins Ausland"},"content":{"rendered":"<p>Die Geschichte vom Kindergartenkind <strong>Maxi<\/strong> hilft Eltern ihre Kinder auf das Abenteuer Entsendung \/ Auswandern vorzubereiten, sie zu begleiten und ihnen bei der gro\u00dfen Ver\u00e4nderung Sicherheit zu geben.<\/p>\n<p>Maxi nimmt ihre kleinen Leser Schritt f\u00fcr Schritt mit bei ihrem Umzug von Deutschland nach Amerika und weckt dabei gleichzeitig die Vorfreude, auf das neue Heimatland.<\/p>\n<p><\/p>\n\n\n<h2 class=\"wp-block-heading\">\u00dcber das Buch<\/h2>\n\n\n\n<p>Maxi ist ganz aufgeregt. Papa hat eine neue Arbeit. Nicht in Deutschland, sondern in Amerika. Weil das so weit weg ist, zieht Maxi mit ihrer Familie dorthin. Das wird ein Abenteuer!<br>Bevor es los geht, gibt es einiges zu tun. Maxi stellt Mama und Papa viele Fragen und hat auch ein kleines bisschen Angst vor der gro\u00dfen Ver\u00e4nderung. Wird es Maxi in Amerika gefallen? Wird sie Freunde finden? Und wie sieht ihr neuer Kindergarten aus?<\/p>\n\n\n\n<p>Begleite Maxi und ihre Familie bei ihrem Umzug von Deutschland nach Amerika und finde heraus, worauf sich Maxi dabei besonders freut. Empfohlen f\u00fcr Kinder von zwei bis f\u00fcnf Jahren.<\/p>\n\n\n\n<div class=\"wp-block-columns is-layout-flex wp-container-core-columns-is-layout-9d6595d7 wp-block-columns-is-layout-flex\">\n<div class=\"wp-block-column is-layout-flow wp-block-column-is-layout-flow\">\n<figure class=\"wp-block-image size-large\"><a href=\"https:\/\/www.bod.de\/buchshop\/maxi-zieht-nach-amerika-janika-pickartz-9783752607079\" target=\"_blank\" rel=\"noopener\"><img loading=\"lazy\" decoding=\"async\" width=\"784\" height=\"1024\" src=\"https:\/\/JanikaPickartz.com\/wp-content\/uploads\/2021\/01\/Cover_MaxiZiehtNachAmerika_JPickartz-scaled-1-784x1024.jpg\" alt=\"\" class=\"wp-image-344\" srcset=\"https:\/\/JanikaPickartz.com\/wp-content\/uploads\/2021\/01\/Cover_MaxiZiehtNachAmerika_JPickartz-scaled-1-784x1024.jpg 784w, https:\/\/JanikaPickartz.com\/wp-content\/uploads\/2021\/01\/Cover_MaxiZiehtNachAmerika_JPickartz-scaled-1-230x300.jpg 230w, https:\/\/JanikaPickartz.com\/wp-content\/uploads\/2021\/01\/Cover_MaxiZiehtNachAmerika_JPickartz-scaled-1-768x1004.jpg 768w, https:\/\/JanikaPickartz.com\/wp-content\/uploads\/2021\/01\/Cover_MaxiZiehtNachAmerika_JPickartz-scaled-1-1175x1536.jpg 1175w, https:\/\/JanikaPickartz.com\/wp-content\/uploads\/2021\/01\/Cover_MaxiZiehtNachAmerika_JPickartz-scaled-1-1567x2048.jpg 1567w, https:\/\/JanikaPickartz.com\/wp-content\/uploads\/2021\/01\/Cover_MaxiZiehtNachAmerika_JPickartz-scaled-1-1568x2049.jpg 1568w, https:\/\/JanikaPickartz.com\/wp-content\/uploads\/2021\/01\/Cover_MaxiZiehtNachAmerika_JPickartz-scaled-1.jpg 1959w\" sizes=\"auto, (max-width: 784px) 100vw, 784px\" \/><\/a><\/figure>\n<\/div>\n\n\n\n<div class=\"wp-block-column is-layout-flow wp-block-column-is-layout-flow\">\n<p><strong>\u201eMaxi zieht nach Amerika\u201c<\/strong> online im <a rel=\"noreferrer noopener\" href=\"https:\/\/www.bod.de\/buchshop\/maxi-zieht-nach-amerika-janika-pickartz-9783752607079\" target=\"_blank\">Books on Demand Buchshop<\/a> bestellen oder auch hier:<\/p>\n\n\n\n<div class=\"wp-block-columns is-layout-flex wp-container-core-columns-is-layout-9d6595d7 wp-block-columns-is-layout-flex\">\n<div class=\"wp-block-column is-layout-flow wp-block-column-is-layout-flow\">\n<figure class=\"wp-block-image size-full\"><a href=\"https:\/\/www.amazon.de\/Maxi-zieht-nach-Amerika-Abenteuer\/dp\/3752607076\/\" target=\"_blank\" rel=\"noopener\"><img loading=\"lazy\" decoding=\"async\" width=\"135\" height=\"57\" src=\"https:\/\/JanikaPickartz.com\/wp-content\/uploads\/2022\/01\/Amazon-logo-Kopie.jpg\" alt=\"\" class=\"wp-image-934\"\/><\/a><\/figure>\n<\/div>\n\n\n\n<div class=\"wp-block-column is-layout-flow wp-block-column-is-layout-flow\">\n<figure class=\"wp-block-image size-full\"><a href=\"https:\/\/www.thalia.de\/shop\/home\/artikeldetails\/A1059609387\" target=\"_blank\" rel=\"noopener\"><img loading=\"lazy\" decoding=\"async\" width=\"770\" height=\"236\" src=\"https:\/\/JanikaPickartz.com\/wp-content\/uploads\/2022\/01\/100-Jahre-Thalia_Logo.jpg\" alt=\"\" class=\"wp-image-936\" srcset=\"https:\/\/JanikaPickartz.com\/wp-content\/uploads\/2022\/01\/100-Jahre-Thalia_Logo.jpg 770w, https:\/\/JanikaPickartz.com\/wp-content\/uploads\/2022\/01\/100-Jahre-Thalia_Logo-300x92.jpg 300w, https:\/\/JanikaPickartz.com\/wp-content\/uploads\/2022\/01\/100-Jahre-Thalia_Logo-768x235.jpg 768w, https:\/\/JanikaPickartz.com\/wp-content\/uploads\/2022\/01\/100-Jahre-Thalia_Logo-600x184.jpg 600w\" sizes=\"auto, (max-width: 770px) 100vw, 770px\" \/><\/a><\/figure>\n<\/div>\n\n\n\n<div class=\"wp-block-column is-layout-flow wp-block-column-is-layout-flow\">\n<figure class=\"wp-block-image size-full\"><a href=\"https:\/\/www.hugendubel.de\/de\/buch_kartoniert\/janika_pickartz-maxi_zieht_nach_amerika-39885096-produkt-details.html\" target=\"_blank\" rel=\"noopener\"><img loading=\"lazy\" decoding=\"async\" width=\"245\" height=\"57\" src=\"https:\/\/JanikaPickartz.com\/wp-content\/uploads\/2022\/01\/Hugendubel_Logo_2c_HKS14K_RGBweb.jpg\" alt=\"\" class=\"wp-image-935\"\/><\/a><\/figure>\n<\/div>\n<\/div>\n\n\n\n<figure class=\"wp-block-image size-large is-resized\"><a href=\"https:\/\/shop.autorenwelt.de\/products\/maxi-zieht-nach-amerika-ein-abenteuer-mit-der-ganzen-familie-von-janika-pickartz?variant=39442265342045\" target=\"_blank\" rel=\"noopener\"><img loading=\"lazy\" decoding=\"async\" src=\"https:\/\/JanikaPickartz.com\/wp-content\/uploads\/2022\/03\/AutorenweltShop-Logo-rgb-1024x274.png\" alt=\"\" class=\"wp-image-1128\" width=\"130\" height=\"34\" srcset=\"https:\/\/JanikaPickartz.com\/wp-content\/uploads\/2022\/03\/AutorenweltShop-Logo-rgb-1024x274.png 1024w, https:\/\/JanikaPickartz.com\/wp-content\/uploads\/2022\/03\/AutorenweltShop-Logo-rgb-300x80.png 300w, https:\/\/JanikaPickartz.com\/wp-content\/uploads\/2022\/03\/AutorenweltShop-Logo-rgb-768x206.png 768w, https:\/\/JanikaPickartz.com\/wp-content\/uploads\/2022\/03\/AutorenweltShop-Logo-rgb-600x161.png 600w, https:\/\/JanikaPickartz.com\/wp-content\/uploads\/2022\/03\/AutorenweltShop-Logo-rgb-1536x411.png 1536w, https:\/\/JanikaPickartz.com\/wp-content\/uploads\/2022\/03\/AutorenweltShop-Logo-rgb-2048x548.png 2048w\" sizes=\"auto, (max-width: 130px) 100vw, 130px\" \/><\/a><\/figure>\n\n\n\n<p>Alternativ im station\u00e4ren Buchhandel:  <\/p>\n\n\n\n<p>ISBN 978-3-7526-0707-9 <\/p>\n\n\n\n<div class=\"wp-block-buttons is-layout-flex wp-block-buttons-is-layout-flex\">\n<div class=\"wp-block-button\"><a class=\"wp-block-button__link\" href=\"https:\/\/www.bod.de\/booksample?json=http%3A%2F%2Fwww.bod.de%2Fgetjson.php%3Fobjk_id%3D3258100%26hash%3D2a672bc9cb96e4319b176c223a6a04df\" target=\"_blank\" rel=\"noreferrer noopener\">Zur Leseprobe<\/a><\/div>\n<\/div>\n\n\n\n<p><\/p>\n\n\n\n<h2 class=\"wp-block-heading\">Rezension<\/h2>\n\n\n\n<blockquote class=\"wp-block-quote is-layout-flow wp-block-quote-is-layout-flow\"><p>\u201e..f\u00fcr viele Expat-Kinder gleicherma\u00dfen empfehlenswert unabh\u00e4ngig davon, ob sie nach Amerika, China oder sonst wohin ziehen. Sie alle k\u00f6nnen sich hier wiederfinden.\u201c<\/p><cite>expatmamas.com<\/cite><\/blockquote>\n\n\n\n<p><\/p>\n<\/div>\n<\/div>\n\n\n\n<div class=\"wp-block-columns is-layout-flex wp-container-core-columns-is-layout-9d6595d7 wp-block-columns-is-layout-flex\">\n<div class=\"wp-block-column is-layout-flow wp-block-column-is-layout-flow\">\n<h2 class=\"wp-block-heading\">Wie das Buch Familien unterst\u00fctzt:<\/h2>\n\n\n\n<p>Bekannte Alltagsroutinen und die gewohnte Umgebung zu verlassen, ist f\u00fcr die meisten Kinder nicht einfach. Bei einem Umzug ins Ausland kommen zus\u00e4tzlich noch eine fremde Sprache und Kultur sowie die Entfernung bspw. zu Gro\u00dfeltern und Freunden hinzu. Die Geschichte von Maxi unterst\u00fctzt Eltern ihre Kinder auf das Abenteuer Auswandern oder eine Entsendung ins Ausland vorzubereiten, sie bei dem Prozess zu begleiten und ihnen bei der gro\u00dfen Ver\u00e4nderung Sicherheit zu geben.<\/p>\n<\/div>\n<\/div>\n\n\n\n<p>In der Erz\u00e4hlung begleiten die kleinen Leser das Kindergartenkind Maxi bei allen wichtigen Schritten des Umzugs nach Amerika. Ausgehend von der Frage \u201ewarum zieht Maxi nach Amerika\u201c \u00fcber das Verschiffen des Containers, das Abschiednehmen und das Kennenlernen des neuen Heimatlandes, endet das Buch mit dem Einzug in ihr neues Zuhause und dem Start im neuen Kindergarten.<\/p>\n\n\n\n<p>Die einzelnen Punkte der Geschichte laden zum Dialog ein, wie in der eignen Familie diese Situation gemeistert wird. Erg\u00e4nzt wird die Geschichte mit Ideen zum Packen, Verabschieden und Fliegen.<\/p>\n\n\n\n<h2 class=\"wp-block-heading\"><strong>Die Story hinter dem Buch:<\/strong><\/h2>\n\n\n\n<p>Ende 2018 trafen mein Mann und ich die Entscheidung, dass wir mit unseren beiden Kindern von Deutschland f\u00fcr drei Jahre in die USA ziehen. Bei der Suche nach einem passenden Kinderbuch wurde ich nicht f\u00fcndig. Um diesen gro\u00dfen Schritt jedoch optimal zu begleiten, machte ich mich selbst ans Werk.<\/p>\n\n\n\n<p>Meine Tochter las ihre pers\u00f6nliche Version von <strong>\u201eMaxi zieht nach Amerika\u201c<\/strong> w\u00e4hrend der Umzugsvorbereitungen als auch lange nach Ankunft in Amerika t\u00e4glich. Da uns das Buch so sehr geholfen hat, beschloss ich \u201eMaxi zieht nach Amerika\u201c zu ver\u00f6ffentlichen. Das Buch basiert auf unserer pers\u00f6nlichen Version und unseren Erfarungen als Expat-Familie.<\/p>\n\n\n\n<p>Ich glaube fest daran, dass mein Buch anderen (Expat-)Familien mit kleinen Kindern, die das Abenteuer Ausland wagen oder davon tr\u00e4umen, einen gro\u00dfen Mehrwert bietet. Und nicht nur f\u00fcr die Auswanderer selbst, auch f\u00fcr (kleine) Freunde und Verwandte, die damit umgehen m\u00fcssen, dass geliebte Menschen weit weg ziehen, kann \u201eMaxi zieht nach Amerika\u201c eine tolle Hilfestellung sein.<\/p>\n\n\n\n<p><\/p>\n\n\n\n<h2 class=\"has-luminous-vivid-amber-color has-text-color wp-block-heading\">NEU: Die Geschichte von Maxi geht weiter!<\/h2>\n\n\n\n<div class=\"wp-block-columns is-layout-flex wp-container-core-columns-is-layout-9d6595d7 wp-block-columns-is-layout-flex\">\n<div class=\"wp-block-column is-layout-flow wp-block-column-is-layout-flow\">\n<figure class=\"wp-block-image size-full is-resized\"><a href=\"https:\/\/JanikaPickartz.com\/?page_id=946\"><img loading=\"lazy\" decoding=\"async\" src=\"https:\/\/JanikaPickartz.com\/wp-content\/uploads\/2022\/01\/CoverT2_Maxi2.jpg\" alt=\"\" class=\"wp-image-911\" width=\"390\" height=\"509\" srcset=\"https:\/\/JanikaPickartz.com\/wp-content\/uploads\/2022\/01\/CoverT2_Maxi2.jpg 500w, https:\/\/JanikaPickartz.com\/wp-content\/uploads\/2022\/01\/CoverT2_Maxi2-229x300.jpg 229w, https:\/\/JanikaPickartz.com\/wp-content\/uploads\/2022\/01\/CoverT2_Maxi2-459x600.jpg 459w\" sizes=\"auto, (max-width: 390px) 100vw, 390px\" \/><\/a><\/figure>\n\n\n\n<div class=\"wp-block-buttons is-layout-flex wp-block-buttons-is-layout-flex\">\n<div class=\"wp-block-button is-style-fill\"><a class=\"wp-block-button__link\" href=\"https:\/\/janikapickartz.com\/?page_id=946\">Mehr erfahren<\/a><\/div>\n<\/div>\n<\/div>\n\n\n\n<div class=\"wp-block-column is-layout-flow wp-block-column-is-layout-flow\">\n<p>Mit &#8222;<strong>Maxi lebt jetzt in Amerika<\/strong>&#8220; ist seit Februar 2022 die Vorsetzung erh\u00e4ltlich:<\/p>\n\n\n\n<p>Maxi ist mit Mama, Papa und ihrem kleinen Bruder Anton von Deutschland nach Amerika gezogen.<\/p>\n\n\n\n<p>Von den bunten Spielpl\u00e4tzen und riesigen Parks, den Ausfl\u00fcgen ans Meer und ihrem neuen Kindergarten ist Maxi ganz begeistert \u2013 zumindest meistens. Manchmal f\u00fchlt sie einen Stein im Bauch, der sie traurig oder auch mal w\u00fctend macht.<\/p>\n\n\n\n<p>Ein Brief an ihre alte Kindergartengruppe hilft Maxi zu erkennen, wie viel Sch\u00f6nes der Umzug mit sich bringt. Und dann kommt der Tag, an dem sie von Amerika als ihrem neuen Zuhause spricht.<\/p>\n\n\n\n<p>F\u00fcr alle Kinder in nah und fern, die in einem fremden Land ein neues Zuhause finden. <\/p>\n\n\n\n<p>Ab vier Jahren.<\/p>\n<\/div>\n<\/div>\n\n\n\n<h2 class=\"wp-block-heading\">&#8222;Maxi zieht nach Amerika&#8220; gibt es auch auf Englisch <\/h2>\n\n\n\n<p>Maxi hei\u00dft in der englischen Version Emma und die Geschichte ist f\u00fcr Kinder, die bereits englisch sprechen und daher etwas andere Voraussetzungen bei ihrem Umzug nach Amerika mitbringen. Emma zieht in &#8222;<a rel=\"noreferrer noopener\" href=\"https:\/\/www.amazon.com\/Emma-moves-America-empower-relocating-ebook\/dp\/B0979CK19H\/ref=tmm_kin_swatch_0?_encoding=UTF8&amp;qid=&amp;sr=\" target=\"_blank\">Emma moves to America<\/a>&#8220; nicht von Deutschland, sondern von UK nach Amerika. Emma spricht bereits Englisch &#8211; allerdings British English&#8230; Was das genau bedeutet, k\u00f6nnt ihr in &#8222;Emma moves to America&#8220; nachlesen. Neugierig auf Emmas Geschichte?<\/p>\n\n\n\n<p><\/p>\n\n\n\n<div class=\"wp-block-columns is-layout-flex wp-container-core-columns-is-layout-9d6595d7 wp-block-columns-is-layout-flex\">\n<div class=\"wp-block-column is-layout-flow wp-block-column-is-layout-flow\">\n<figure class=\"wp-block-image size-full\"><a href=\"https:\/\/www.amazon.com\/Emma-moves-America-empower-relocating-ebook\/dp\/B0979CK19H\/ref=tmm_kin_swatch_0?_encoding=UTF8&amp;qid=&amp;sr=\" target=\"_blank\" rel=\"noopener\"><img loading=\"lazy\" decoding=\"async\" width=\"591\" height=\"761\" src=\"https:\/\/JanikaPickartz.com\/wp-content\/uploads\/2022\/03\/Cover_EMMA_small.jpg\" alt=\"\" class=\"wp-image-1115\" srcset=\"https:\/\/JanikaPickartz.com\/wp-content\/uploads\/2022\/03\/Cover_EMMA_small.jpg 591w, https:\/\/JanikaPickartz.com\/wp-content\/uploads\/2022\/03\/Cover_EMMA_small-233x300.jpg 233w, https:\/\/JanikaPickartz.com\/wp-content\/uploads\/2022\/03\/Cover_EMMA_small-466x600.jpg 466w\" sizes=\"auto, (max-width: 591px) 100vw, 591px\" \/><\/a><figcaption>Online bestellbar bei <a href=\"https:\/\/www.amazon.com\/Emma-moves-America-empower-relocating-ebook\/dp\/B0979CK19H\/ref=tmm_kin_swatch_0?_encoding=UTF8&amp;qid=&amp;sr=\" target=\"_blank\" rel=\"noreferrer noopener\">Amazon<\/a><\/figcaption><\/figure>\n<\/div>\n\n\n\n<div class=\"wp-block-column is-layout-flow wp-block-column-is-layout-flow\">\n<div class=\"wp-block-buttons is-layout-flex wp-block-buttons-is-layout-flex\">\n<div class=\"wp-block-button is-style-fill\"><a class=\"wp-block-button__link\" href=\"https:\/\/JanikaPickartz.com\/?page_id=1114\">Mehr erfahren<\/a><\/div>\n<\/div>\n\n\n\n<p><\/p>\n\n\n\n<p>A wonderful story that helps to prepare soon-to-be expatriate kids:<\/p>\n\n\n\n<p>Emma is so excited. Dad has a new job. Not in their home country, but in America. Because America is far away, Emma and her family are going to move there. What an adventure! <\/p>\n\n\n\n<p>But before they leave for America, there still is a lot to do. Emma asks Mum and Dad many questions and is also worrying a bit about the upcoming changes. Will Emma like America? Will she make new friends? And what will her new preschool look like? <\/p>\n\n\n\n<p>Join Emma and her family as they move to America and find out what Emma is particularly looking forward to.<\/p>\n<\/div>\n<\/div>\n\n\n\n<div class=\"wp-block-buttons is-layout-flex wp-block-buttons-is-layout-flex\">\n<div class=\"wp-block-button is-style-fill\"><a class=\"wp-block-button__link\" href=\"https:\/\/JanikaPickartz.com\/?page_id=1114\">Learn more<\/a><\/div>\n<\/div>\n","protected":false},"excerpt":{"rendered":"<p>Die Geschichte vom Kindergartenkind Maxi hilft Eltern ihre Kinder auf das Abenteuer Entsendung \/ Auswandern vorzubereiten, sie zu begleiten und ihnen bei der gro\u00dfen Ver\u00e4nderung Sicherheit zu geben. Maxi nimmt ihre kleinen Leser Schritt f\u00fcr Schritt mit bei ihrem Umzug von Deutschland nach Amerika und weckt dabei gleichzeitig die Vorfreude, auf das neue Heimatland. \u00dcber [&hellip;]<\/p>\n","protected":false},"author":1,"featured_media":668,"parent":0,"menu_order":0,"comment_status":"closed","ping_status":"closed","template":"","meta":{"_monsterinsights_skip_tracking":false,"_monsterinsights_sitenote_active":false,"_monsterinsights_sitenote_note":"","_monsterinsights_sitenote_category":0,"footnotes":""},"class_list":["post-18","page","type-page","status-publish","has-post-thumbnail","hentry","latest_post"],"jetpack_sharing_enabled":true,"_links":{"self":[{"href":"https:\/\/JanikaPickartz.com\/index.php?rest_route=\/wp\/v2\/pages\/18","targetHints":{"allow":["GET"]}}],"collection":[{"href":"https:\/\/JanikaPickartz.com\/index.php?rest_route=\/wp\/v2\/pages"}],"about":[{"href":"https:\/\/JanikaPickartz.com\/index.php?rest_route=\/wp\/v2\/types\/page"}],"author":[{"embeddable":true,"href":"https:\/\/JanikaPickartz.com\/index.php?rest_route=\/wp\/v2\/users\/1"}],"replies":[{"embeddable":true,"href":"https:\/\/JanikaPickartz.com\/index.php?rest_route=%2Fwp%2Fv2%2Fcomments&post=18"}],"version-history":[{"count":26,"href":"https:\/\/JanikaPickartz.com\/index.php?rest_route=\/wp\/v2\/pages\/18\/revisions"}],"predecessor-version":[{"id":1199,"href":"https:\/\/JanikaPickartz.com\/index.php?rest_route=\/wp\/v2\/pages\/18\/revisions\/1199"}],"wp:featuredmedia":[{"embeddable":true,"href":"https:\/\/JanikaPickartz.com\/index.php?rest_route=\/wp\/v2\/media\/668"}],"wp:attachment":[{"href":"https:\/\/JanikaPickartz.com\/index.php?rest_route=%2Fwp%2Fv2%2Fmedia&parent=18"}],"curies":[{"name":"wp","href":"https:\/\/api.w.org\/{rel}","templated":true}]}}